{"id":3147,"date":"2019-03-28T01:00:12","date_gmt":"2019-03-27T22:00:12","guid":{"rendered":"http:\/\/www.mobillegends.com\/?page_id=3147"},"modified":"2020-03-31T06:11:30","modified_gmt":"2020-03-31T11:11:30","slug":"items","status":"publish","type":"page","link":"https:\/\/www.mobillegends.com\/en\/items\/","title":{"rendered":"Items"},"content":{"rendered":"<p><strong> Mobile Legends <\/strong> In MOBA, players can use Devil Shoes, Wizard Boots, Quick Boots, Fast Boots, Weird Boots, Magical Shoes, Durable Boots, Warrior Boots, Lightning Cop, Durance&#8217;s Necklace, Spirit Scroll, Snow Stick, Glowing Scepter, Feather of Paradise, Sword of Justice, Magical Talisman, Clock of Fate, Disaster Wires, Sacred Crystal, Concentrated Energy, Ice Queen&#8217;s Wand, Blood Wings, Mortal Time, Thunder Belt, Judge Ice, Cursed Helmet, Seer, Ancient Armor , Sky Guardian Helmet, Twilight Armor, Wild Power Armor, Immortality, Athena&#8217;s Shield, Wings of the Apocalypse, Sword Armor, Wall of Courage, Wind of Nature, Sword Ax, Red Phantom, Gold Squad, 7 Sword of the Sea, Despair Sword, Distortion Scythe , Deadly Sword, Rose Gold Meteor, Monster Hunter Sword, Hunter Strike, Scary Laughter, Wild S quest <strong> 12 <\/strong> <a href=\"https:\/\/www.mobillegends.com\/en\/items\/\"> Item <\/a>, including your Rage, Endless War, Storm and Claws of Haas > is available. You can click on a required Item to use them with which <a href=\"https:\/\/www.mobillegends.com\/en\/heroes\/\"> heroes <\/a> you can use most effectively.<\/p>\n","protected":false},"excerpt":{"rendered":"<p>Mobile Legends In MOBA, players can use Devil Shoes, Wizard Boots, Quick Boots, Fast Boots, Weird Boots, Magical Shoes, Durable Boots, Warrior Boots, Lightning Cop, Durance&#8217;s Necklace, Spirit Scroll, Snow Stick, Glowing Scepter, Feather of Paradise, Sword of Justice, Magical Talisman, Clock of Fate, Disaster Wires, Sacred Crystal, Concentrated Energy, Ice Queen&#8217;s Wand, Blood Wings, [&hellip;]<\/p>\n","protected":false},"author":2,"featured_media":0,"parent":0,"menu_order":0,"comment_status":"closed","ping_status":"closed","template":"page-esya.php","meta":[],"yoast_head":"<!-- This site is optimized with the Yoast SEO plugin v17.9 - https:\/\/yoast.com\/wordpress\/plugins\/seo\/ -->\n<title>Mobile Legends E\u015fyalar\u0131 ne i\u015fe yarar? Hangi e\u015fyay\u0131 almal\u0131y\u0131m?<\/title>\n<meta name=\"robots\" content=\"index, follow, max-snippet:-1, max-image-preview:large, max-video-preview:-1\" \/>\n<link rel=\"canonical\" href=\"https:\/\/www.mobillegends.com\/en\/items\/\" \/>\n<meta property=\"og:locale\" content=\"en_US\" \/>\n<meta property=\"og:type\" content=\"article\" \/>\n<meta property=\"og:title\" content=\"Mobile Legends E\u015fyalar\u0131 ne i\u015fe yarar? Hangi e\u015fyay\u0131 almal\u0131y\u0131m?\" \/>\n<meta property=\"og:description\" content=\"Mobile Legends In MOBA, players can use Devil Shoes, Wizard Boots, Quick Boots, Fast Boots, Weird Boots, Magical Shoes, Durable Boots, Warrior Boots, Lightning Cop, Durance&#8217;s Necklace, Spirit Scroll, Snow Stick, Glowing Scepter, Feather of Paradise, Sword of Justice, Magical Talisman, Clock of Fate, Disaster Wires, Sacred Crystal, Concentrated Energy, Ice Queen&#8217;s Wand, Blood Wings, [&hellip;]\" \/>\n<meta property=\"og:url\" content=\"https:\/\/www.mobillegends.com\/en\/items\/\" \/>\n<meta property=\"og:site_name\" content=\"Mobile Legends\" \/>\n<meta property=\"article:modified_time\" content=\"2020-03-31T11:11:30+00:00\" \/>\n<meta name=\"twitter:card\" content=\"summary_large_image\" \/>\n<meta name=\"twitter:label1\" content=\"Est. reading time\" \/>\n\t<meta name=\"twitter:data1\" content=\"1 minute\" \/>\n<script type=\"application\/ld+json\" class=\"yoast-schema-graph\">{\"@context\":\"https:\/\/schema.org\",\"@graph\":[{\"@type\":\"WebSite\",\"@id\":\"https:\/\/www.mobillegends.com\/en\/#website\",\"url\":\"https:\/\/www.mobillegends.com\/en\/\",\"name\":\"Mobile Legends\",\"description\":\"\",\"potentialAction\":[{\"@type\":\"SearchAction\",\"target\":{\"@type\":\"EntryPoint\",\"urlTemplate\":\"https:\/\/www.mobillegends.com\/en\/?s={search_term_string}\"},\"query-input\":\"required name=search_term_string\"}],\"inLanguage\":\"en-US\"},{\"@type\":\"WebPage\",\"@id\":\"https:\/\/www.mobillegends.com\/en\/items\/#webpage\",\"url\":\"https:\/\/www.mobillegends.com\/en\/items\/\",\"name\":\"Mobile Legends E\\u015fyalar\\u0131 ne i\\u015fe yarar? Hangi e\\u015fyay\\u0131 almal\\u0131y\\u0131m?\",\"isPartOf\":{\"@id\":\"https:\/\/www.mobillegends.com\/en\/#website\"},\"datePublished\":\"2019-03-27T22:00:12+00:00\",\"dateModified\":\"2020-03-31T11:11:30+00:00\",\"breadcrumb\":{\"@id\":\"https:\/\/www.mobillegends.com\/en\/items\/#breadcrumb\"},\"inLanguage\":\"en-US\",\"potentialAction\":[{\"@type\":\"ReadAction\",\"target\":[\"https:\/\/www.mobillegends.com\/en\/items\/\"]}]},{\"@type\":\"BreadcrumbList\",\"@id\":\"https:\/\/www.mobillegends.com\/en\/items\/#breadcrumb\",\"itemListElement\":[{\"@type\":\"ListItem\",\"position\":1,\"name\":\"Ana sayfa\",\"item\":\"https:\/\/www.mobillegends.com\/en\/\"},{\"@type\":\"ListItem\",\"position\":2,\"name\":\"Items\"}]}]}<\/script>\n<!-- \/ Yoast SEO plugin. -->","yoast_head_json":{"title":"Mobile Legends E\u015fyalar\u0131 ne i\u015fe yarar? Hangi e\u015fyay\u0131 almal\u0131y\u0131m?","robots":{"index":"index","follow":"follow","max-snippet":"max-snippet:-1","max-image-preview":"max-image-preview:large","max-video-preview":"max-video-preview:-1"},"canonical":"https:\/\/www.mobillegends.com\/en\/items\/","og_locale":"en_US","og_type":"article","og_title":"Mobile Legends E\u015fyalar\u0131 ne i\u015fe yarar? Hangi e\u015fyay\u0131 almal\u0131y\u0131m?","og_description":"Mobile Legends In MOBA, players can use Devil Shoes, Wizard Boots, Quick Boots, Fast Boots, Weird Boots, Magical Shoes, Durable Boots, Warrior Boots, Lightning Cop, Durance&#8217;s Necklace, Spirit Scroll, Snow Stick, Glowing Scepter, Feather of Paradise, Sword of Justice, Magical Talisman, Clock of Fate, Disaster Wires, Sacred Crystal, Concentrated Energy, Ice Queen&#8217;s Wand, Blood Wings, [&hellip;]","og_url":"https:\/\/www.mobillegends.com\/en\/items\/","og_site_name":"Mobile Legends","article_modified_time":"2020-03-31T11:11:30+00:00","twitter_card":"summary_large_image","twitter_misc":{"Est. reading time":"1 minute"},"schema":{"@context":"https:\/\/schema.org","@graph":[{"@type":"WebSite","@id":"https:\/\/www.mobillegends.com\/en\/#website","url":"https:\/\/www.mobillegends.com\/en\/","name":"Mobile Legends","description":"","potentialAction":[{"@type":"SearchAction","target":{"@type":"EntryPoint","urlTemplate":"https:\/\/www.mobillegends.com\/en\/?s={search_term_string}"},"query-input":"required name=search_term_string"}],"inLanguage":"en-US"},{"@type":"WebPage","@id":"https:\/\/www.mobillegends.com\/en\/items\/#webpage","url":"https:\/\/www.mobillegends.com\/en\/items\/","name":"Mobile Legends E\u015fyalar\u0131 ne i\u015fe yarar? Hangi e\u015fyay\u0131 almal\u0131y\u0131m?","isPartOf":{"@id":"https:\/\/www.mobillegends.com\/en\/#website"},"datePublished":"2019-03-27T22:00:12+00:00","dateModified":"2020-03-31T11:11:30+00:00","breadcrumb":{"@id":"https:\/\/www.mobillegends.com\/en\/items\/#breadcrumb"},"inLanguage":"en-US","potentialAction":[{"@type":"ReadAction","target":["https:\/\/www.mobillegends.com\/en\/items\/"]}]},{"@type":"BreadcrumbList","@id":"https:\/\/www.mobillegends.com\/en\/items\/#breadcrumb","itemListElement":[{"@type":"ListItem","position":1,"name":"Ana sayfa","item":"https:\/\/www.mobillegends.com\/en\/"},{"@type":"ListItem","position":2,"name":"Items"}]}]}},"_links":{"self":[{"href":"https:\/\/www.mobillegends.com\/en\/wp-json\/wp\/v2\/pages\/3147"}],"collection":[{"href":"https:\/\/www.mobillegends.com\/en\/wp-json\/wp\/v2\/pages"}],"about":[{"href":"https:\/\/www.mobillegends.com\/en\/wp-json\/wp\/v2\/types\/page"}],"author":[{"embeddable":true,"href":"https:\/\/www.mobillegends.com\/en\/wp-json\/wp\/v2\/users\/2"}],"replies":[{"embeddable":true,"href":"https:\/\/www.mobillegends.com\/en\/wp-json\/wp\/v2\/comments?post=3147"}],"version-history":[{"count":9,"href":"https:\/\/www.mobillegends.com\/en\/wp-json\/wp\/v2\/pages\/3147\/revisions"}],"predecessor-version":[{"id":3561,"href":"https:\/\/www.mobillegends.com\/en\/wp-json\/wp\/v2\/pages\/3147\/revisions\/3561"}],"wp:attachment":[{"href":"https:\/\/www.mobillegends.com\/en\/wp-json\/wp\/v2\/media?parent=3147"}],"curies":[{"name":"wp","href":"https:\/\/api.w.org\/{rel}","templated":true}]}}